{"id":73,"date":"2025-03-18T20:53:59","date_gmt":"2025-03-18T19:53:59","guid":{"rendered":"https:\/\/laurinebocquet.com\/?page_id=73"},"modified":"2026-03-17T14:52:07","modified_gmt":"2026-03-17T13:52:07","slug":"qui-suis-je","status":"publish","type":"page","link":"https:\/\/laurinebocquet.com\/index.php\/qui-suis-je\/","title":{"rendered":"Qui suis-je ?"},"content":{"rendered":"\t\t<div data-elementor-type=\"wp-page\" data-elementor-id=\"73\" class=\"elementor elementor-73\">\n\t\t\t\t<div class=\"elementor-element elementor-element-044f7e7 e-flex e-con-boxed elementor-invisible e-con e-parent\" data-id=\"044f7e7\" data-element_type=\"container\" data-e-type=\"container\" data-settings=\"{&quot;animation&quot;:&quot;fadeIn&quot;}\">\n\t\t\t\t\t<div class=\"e-con-inner\">\n\t\t<div class=\"elementor-element elementor-element-c0fd941 e-con-full e-flex e-con e-child\" data-id=\"c0fd941\" data-element_type=\"container\" data-e-type=\"container\">\n\t\t\t\t<div class=\"elementor-element elementor-element-08d1eab elementor-widget elementor-widget-image\" data-id=\"08d1eab\" data-element_type=\"widget\" data-e-type=\"widget\" data-widget_type=\"image.default\">\n\t\t\t\t<div class=\"elementor-widget-container\">\n\t\t\t\t\t\t\t\t\t\t\t\t\t\t\t<img fetchpriority=\"high\" decoding=\"async\" width=\"681\" height=\"1024\" src=\"https:\/\/laurinebocquet.com\/wp-content\/uploads\/2025\/03\/DSCF0630-\u00a9LaurineBocquet-681x1024.jpg\" class=\"attachment-large size-large wp-image-629\" alt=\"\" srcset=\"https:\/\/laurinebocquet.com\/wp-content\/uploads\/2025\/03\/DSCF0630-\u00a9LaurineBocquet-681x1024.jpg 681w, https:\/\/laurinebocquet.com\/wp-content\/uploads\/2025\/03\/DSCF0630-\u00a9LaurineBocquet-199x300.jpg 199w, https:\/\/laurinebocquet.com\/wp-content\/uploads\/2025\/03\/DSCF0630-\u00a9LaurineBocquet-768x1155.jpg 768w, https:\/\/laurinebocquet.com\/wp-content\/uploads\/2025\/03\/DSCF0630-\u00a9LaurineBocquet-1021x1536.jpg 1021w, https:\/\/laurinebocquet.com\/wp-content\/uploads\/2025\/03\/DSCF0630-\u00a9LaurineBocquet-1362x2048.jpg 1362w, https:\/\/laurinebocquet.com\/wp-content\/uploads\/2025\/03\/DSCF0630-\u00a9LaurineBocquet-scaled.jpg 1702w\" sizes=\"(max-width: 681px) 100vw, 681px\" \/>\t\t\t\t\t\t\t\t\t\t\t\t\t\t\t<\/div>\n\t\t\t\t<\/div>\n\t\t\t\t<\/div>\n\t\t<div class=\"elementor-element elementor-element-e7fddc1 e-con-full e-flex e-con e-child\" data-id=\"e7fddc1\" data-element_type=\"container\" data-e-type=\"container\">\n\t\t\t\t<div class=\"elementor-element elementor-element-93b8fc9 elementor-widget elementor-widget-heading\" data-id=\"93b8fc9\" data-element_type=\"widget\" data-e-type=\"widget\" data-widget_type=\"heading.default\">\n\t\t\t\t<div class=\"elementor-widget-container\">\n\t\t\t\t\t<h1 class=\"elementor-heading-title elementor-size-default\">Qui suis-je ?<\/h1>\t\t\t\t<\/div>\n\t\t\t\t<\/div>\n\t\t\t\t<div class=\"elementor-element elementor-element-93ddac5 elementor-widget elementor-widget-text-editor\" data-id=\"93ddac5\" data-element_type=\"widget\" data-e-type=\"widget\" data-widget_type=\"text-editor.default\">\n\t\t\t\t<div class=\"elementor-widget-container\">\n\t\t\t\t\t\t\t\t\t<p>Je m\u2019appelle <strong>Laurine Bocquet<\/strong> et je suis <strong>th\u00e9rapeute \u00e9nerg\u00e9ticienne <\/strong>dans le Puy-de-D\u00f4me.<\/p><p>Enfant, un de mes proches m&#8217;a questionn\u00e9 : &#8220;<strong>quand quelqu&#8217;un meurt, qu&#8217;arrive-t-il \u00e0 son \u00e2me ?<\/strong>&#8221; Il me f\u00fbt naturel de penser que le sort de notre \u00e2me ne pouvait en aucun cas \u00eatre le m\u00eame que celui de notre corps de mati\u00e8re.<\/p><p>Suite \u00e0 cette premi\u00e8re remise en route de conscience, je ne comprenais pas pourquoi la majorit\u00e9 des personnes autour de moi semblait \u00eatre s\u00fbre qu\u2019il ne subsistait rien <strong>apr\u00e8s la mort<\/strong>. Dans mon c\u0153ur, je ressentais que <strong>l\u2019\u00e2me<\/strong> continuait son chemin apr\u00e8s avoir quitt\u00e9 son enveloppe charnelle, que l\u2019\u00eatre humain \u00e9tait bien plus qu\u2019un amas de mati\u00e8re, de terminaisons nerveuses et de connexions neuronales. Mais rationnaliser cette information et y poser des mots \u00e0 l&#8217;\u00e2ge de 7 ans n&#8217;\u00e9tait pas ma priorit\u00e9 !<\/p><p>Ce ressenti \u00e0 la fois profond et lointain ne m\u2019a jamais quitt\u00e9 et s\u2019est retrouv\u00e9 au premier plan lorsqu\u2019en 2017, un \u00eatre cher a d\u00e9cid\u00e9 de quitter notre monde terrestre. <strong>Tout un processus int\u00e9rieur<\/strong> s\u2019est alors mis en marche, j\u2019avais besoin de mieux comprendre le fonctionnement de notre monde. J\u2019ai commenc\u00e9 \u00e0 trouver des r\u00e9ponses dans une multitude d\u2019ouvrages jusqu\u2019\u00e0 ce que j\u2019assiste \u00e0 une conf\u00e9rence sur le th\u00e8me <strong>des mondes subtils<\/strong>. Celle-ci a \u00e9t\u00e9 d\u00e9terminante puisqu\u2019elle m\u2019a ouvert la voie vers un <strong>enseignement spirituel<\/strong> puis l\u2019apprentissage et la ma\u00eetrise de <strong>soins \u00e9nerg\u00e9tiques<\/strong> dans lesquels je me suis lanc\u00e9e, avec enthousiasme.<\/p><p>Plus tard, ayant \u00e9t\u00e9 en contact \u00e9troit avec une personne atteinte du trouble de personnalit\u00e9 du <strong>pervers narcissique <\/strong>dit<strong> PN<\/strong> (trouble psychique ayant \u00e9galement pour origine un <strong>parasitage \u00e9nerg\u00e9tique puissant<\/strong>), j&#8217;ai d\u00e9cid\u00e9 de mettre particuli\u00e8rement \u00e0 profit mes comp\u00e9tences sur la lib\u00e9ration des grandes <strong>blessures<\/strong> de l&#8217;\u00e2me et ai mis en place un <strong>accompagnement \u00e9nerg\u00e9tique sp\u00e9cialis\u00e9<\/strong> permettant \u00e0 celui qui a subi les nuisances d&#8217;un PN de se <strong>lib\u00e9rer<\/strong> durablement de son emprise, de gu\u00e9rir ses <strong>blessures<\/strong> et de retrouver sa <strong>souverainet\u00e9<\/strong> (en savoir plus dans l&#8217;onglet <a href=\"https:\/\/laurinebocquet.com\/index.php\/https:\/\/laurinebocquet.com\/index.php\/soinpostpn\/\/\"><span style=\"text-decoration: underline;\">Soin post-PN<\/span><\/a>).<\/p><p>Je ne cesse de me former r\u00e9guli\u00e8rement afin d\u2019approfondir toujours plus mes connaissances, d\u2019affiner mes comp\u00e9tences de <strong>th\u00e9rapeute \u00e9nerg\u00e9ticienne <\/strong>et me permettre ainsi d\u2019\u00eatre <strong>au plus proche de vos besoins,<\/strong>\u00a0de vous aider \u00e0 vous all\u00e9ger de certains freins pr\u00e9sents dans votre vie quotidienne.<\/p>\t\t\t\t\t\t\t\t<\/div>\n\t\t\t\t<\/div>\n\t\t\t\t<div class=\"elementor-element elementor-element-cf96395 elementor-invisible elementor-widget elementor-widget-button\" data-id=\"cf96395\" data-element_type=\"widget\" data-e-type=\"widget\" data-settings=\"{&quot;_animation&quot;:&quot;fadeIn&quot;}\" data-widget_type=\"button.default\">\n\t\t\t\t<div class=\"elementor-widget-container\">\n\t\t\t\t\t\t\t\t\t<div class=\"elementor-button-wrapper\">\n\t\t\t\t\t<a class=\"elementor-button elementor-button-link elementor-size-sm elementor-animation-shrink\" href=\"https:\/\/laurinebocquet.com\/index.php\/contact\/\">\n\t\t\t\t\t\t<span class=\"elementor-button-content-wrapper\">\n\t\t\t\t\t\t\t\t\t<span class=\"elementor-button-text\">Prendre rendez-vous<\/span>\n\t\t\t\t\t<\/span>\n\t\t\t\t\t<\/a>\n\t\t\t\t<\/div>\n\t\t\t\t\t\t\t\t<\/div>\n\t\t\t\t<\/div>\n\t\t\t\t<\/div>\n\t\t\t\t\t<\/div>\n\t\t\t\t<\/div>\n\t\t<div class=\"elementor-element elementor-element-aec2379 e-flex e-con-boxed elementor-invisible e-con e-parent\" data-id=\"aec2379\" data-element_type=\"container\" data-e-type=\"container\" data-settings=\"{&quot;animation&quot;:&quot;fadeIn&quot;}\">\n\t\t\t\t\t<div class=\"e-con-inner\">\n\t\t<div class=\"elementor-element elementor-element-8640a70 e-con-full e-flex e-con e-child\" data-id=\"8640a70\" data-element_type=\"container\" data-e-type=\"container\">\n\t\t\t\t<div class=\"elementor-element elementor-element-8e9bc1c elementor-widget__width-initial elementor-widget elementor-widget-image\" data-id=\"8e9bc1c\" data-element_type=\"widget\" data-e-type=\"widget\" data-widget_type=\"image.default\">\n\t\t\t\t<div class=\"elementor-widget-container\">\n\t\t\t\t\t\t\t\t\t\t\t\t\t\t\t<img decoding=\"async\" width=\"200\" height=\"200\" src=\"https:\/\/laurinebocquet.com\/wp-content\/uploads\/2025\/03\/Laurine-Bocquet-therapeute-energeticienne.jpeg\" class=\"attachment-medium size-medium wp-image-637\" alt=\"\" srcset=\"https:\/\/laurinebocquet.com\/wp-content\/uploads\/2025\/03\/Laurine-Bocquet-therapeute-energeticienne.jpeg 200w, https:\/\/laurinebocquet.com\/wp-content\/uploads\/2025\/03\/Laurine-Bocquet-therapeute-energeticienne-150x150.jpeg 150w\" sizes=\"(max-width: 200px) 100vw, 200px\" \/>\t\t\t\t\t\t\t\t\t\t\t\t\t\t\t<\/div>\n\t\t\t\t<\/div>\n\t\t\t\t<\/div>\n\t\t<div class=\"elementor-element elementor-element-f9ffa91 e-con-full e-flex e-con e-child\" data-id=\"f9ffa91\" data-element_type=\"container\" data-e-type=\"container\">\n\t\t\t\t<div class=\"elementor-element elementor-element-b09c0c0 elementor-widget elementor-widget-text-editor\" data-id=\"b09c0c0\" data-element_type=\"widget\" data-e-type=\"widget\" data-widget_type=\"text-editor.default\">\n\t\t\t\t<div class=\"elementor-widget-container\">\n\t\t\t\t\t\t\t\t\t<p><strong>Pour toute demande d&#8217;informations ou une prise de rendez-vous :<\/strong><\/p>\t\t\t\t\t\t\t\t<\/div>\n\t\t\t\t<\/div>\n\t\t\t\t<div class=\"elementor-element elementor-element-36ab52a elementor-align-center elementor-widget elementor-widget-button\" data-id=\"36ab52a\" data-element_type=\"widget\" data-e-type=\"widget\" data-widget_type=\"button.default\">\n\t\t\t\t<div class=\"elementor-widget-container\">\n\t\t\t\t\t\t\t\t\t<div class=\"elementor-button-wrapper\">\n\t\t\t\t\t<a class=\"elementor-button elementor-button-link elementor-size-sm elementor-animation-shrink\" href=\"https:\/\/laurinebocquet.com\/index.php\/contact\/\">\n\t\t\t\t\t\t<span class=\"elementor-button-content-wrapper\">\n\t\t\t\t\t\t\t\t\t<span class=\"elementor-button-text\">Cliquez ici<\/span>\n\t\t\t\t\t<\/span>\n\t\t\t\t\t<\/a>\n\t\t\t\t<\/div>\n\t\t\t\t\t\t\t\t<\/div>\n\t\t\t\t<\/div>\n\t\t\t\t<\/div>\n\t\t\t\t\t<\/div>\n\t\t\t\t<\/div>\n\t\t\t\t<\/div>\n\t\t","protected":false},"excerpt":{"rendered":"<p>Qui suis-je ? Je m\u2019appelle Laurine Bocquet et je suis th\u00e9rapeute \u00e9nerg\u00e9ticienne dans le Puy-de-D\u00f4me. Enfant, un de mes proches m&#8217;a questionn\u00e9 : &#8220;quand quelqu&#8217;un meurt, qu&#8217;arrive-t-il \u00e0 son \u00e2me ?&#8221; Il me f\u00fbt naturel de penser que le sort de notre \u00e2me ne pouvait en aucun cas \u00eatre le m\u00eame que celui de notre [&hellip;]<\/p>\n","protected":false},"author":1,"featured_media":0,"parent":0,"menu_order":0,"comment_status":"closed","ping_status":"closed","template":"elementor_header_footer","meta":{"ocean_post_layout":"","ocean_both_sidebars_style":"","ocean_both_sidebars_content_width":0,"ocean_both_sidebars_sidebars_width":0,"ocean_sidebar":"","ocean_second_sidebar":"","ocean_disable_margins":"enable","ocean_add_body_class":"","ocean_shortcode_before_top_bar":"","ocean_shortcode_after_top_bar":"","ocean_shortcode_before_header":"","ocean_shortcode_after_header":"","ocean_has_shortcode":"","ocean_shortcode_after_title":"","ocean_shortcode_before_footer_widgets":"","ocean_shortcode_after_footer_widgets":"","ocean_shortcode_before_footer_bottom":"","ocean_shortcode_after_footer_bottom":"","ocean_display_top_bar":"default","ocean_display_header":"default","ocean_header_style":"","ocean_center_header_left_menu":"","ocean_custom_header_template":"","ocean_custom_logo":0,"ocean_custom_retina_logo":0,"ocean_custom_logo_max_width":0,"ocean_custom_logo_tablet_max_width":0,"ocean_custom_logo_mobile_max_width":0,"ocean_custom_logo_max_height":0,"ocean_custom_logo_tablet_max_height":0,"ocean_custom_logo_mobile_max_height":0,"ocean_header_custom_menu":"","ocean_menu_typo_font_family":"","ocean_menu_typo_font_subset":"","ocean_menu_typo_font_size":0,"ocean_menu_typo_font_size_tablet":0,"ocean_menu_typo_font_size_mobile":0,"ocean_menu_typo_font_size_unit":"px","ocean_menu_typo_font_weight":"","ocean_menu_typo_font_weight_tablet":"","ocean_menu_typo_font_weight_mobile":"","ocean_menu_typo_transform":"","ocean_menu_typo_transform_tablet":"","ocean_menu_typo_transform_mobile":"","ocean_menu_typo_line_height":0,"ocean_menu_typo_line_height_tablet":0,"ocean_menu_typo_line_height_mobile":0,"ocean_menu_typo_line_height_unit":"","ocean_menu_typo_spacing":0,"ocean_menu_typo_spacing_tablet":0,"ocean_menu_typo_spacing_mobile":0,"ocean_menu_typo_spacing_unit":"","ocean_menu_link_color":"","ocean_menu_link_color_hover":"","ocean_menu_link_color_active":"","ocean_menu_link_background":"","ocean_menu_link_hover_background":"","ocean_menu_link_active_background":"","ocean_menu_social_links_bg":"","ocean_menu_social_hover_links_bg":"","ocean_menu_social_links_color":"","ocean_menu_social_hover_links_color":"","ocean_disable_title":"on","ocean_disable_heading":"default","ocean_post_title":"","ocean_post_subheading":"","ocean_post_title_style":"","ocean_post_title_background_color":"","ocean_post_title_background":0,"ocean_post_title_bg_image_position":"","ocean_post_title_bg_image_attachment":"","ocean_post_title_bg_image_repeat":"","ocean_post_title_bg_image_size":"","ocean_post_title_height":0,"ocean_post_title_bg_overlay":0.5,"ocean_post_title_bg_overlay_color":"","ocean_disable_breadcrumbs":"default","ocean_breadcrumbs_color":"","ocean_breadcrumbs_separator_color":"","ocean_breadcrumbs_links_color":"","ocean_breadcrumbs_links_hover_color":"","ocean_display_footer_widgets":"default","ocean_display_footer_bottom":"default","ocean_custom_footer_template":"","footnotes":""},"class_list":["post-73","page","type-page","status-publish","hentry","entry"],"yoast_head":"<!-- This site is optimized with the Yoast SEO plugin v27.2 - https:\/\/yoast.com\/product\/yoast-seo-wordpress\/ -->\n<title>Qui suis-je ?<\/title>\n<meta name=\"description\" content=\"Qui suis-je ? Cliquez ici pour d\u00e9couvrir comment je suis devenue th\u00e9rapeute \u00e9nerg\u00e9ticienne et ainsi, vous accompagner au mieux sur le chemin de la s\u00e9r\u00e9nit\u00e9.\" \/>\n<meta name=\"robots\" content=\"index, follow, max-snippet:-1, max-image-preview:large, max-video-preview:-1\" \/>\n<link rel=\"canonical\" href=\"https:\/\/laurinebocquet.com\/index.php\/qui-suis-je\/\" \/>\n<meta property=\"og:locale\" content=\"en_US\" \/>\n<meta property=\"og:type\" content=\"article\" \/>\n<meta property=\"og:title\" content=\"Qui suis-je ?\" \/>\n<meta property=\"og:description\" content=\"Qui suis-je ? Cliquez ici pour d\u00e9couvrir comment je suis devenue th\u00e9rapeute \u00e9nerg\u00e9ticienne et ainsi, vous accompagner au mieux sur le chemin de la s\u00e9r\u00e9nit\u00e9.\" \/>\n<meta property=\"og:url\" content=\"https:\/\/laurinebocquet.com\/index.php\/qui-suis-je\/\" \/>\n<meta property=\"og:site_name\" content=\"www.laurinebocquet.com\" \/>\n<meta property=\"article:modified_time\" content=\"2026-03-17T13:52:07+00:00\" \/>\n<meta property=\"og:image\" content=\"http:\/\/laurinebocquet.com\/wp-content\/uploads\/2025\/03\/Laurine-Bocquet-therapeute-energeticienne.jpeg\" \/>\n<meta name=\"twitter:card\" content=\"summary_large_image\" \/>\n<meta name=\"twitter:label1\" content=\"Est. reading time\" \/>\n\t<meta name=\"twitter:data1\" content=\"3 minutes\" \/>\n<script type=\"application\/ld+json\" class=\"yoast-schema-graph\">{\"@context\":\"https:\/\/schema.org\",\"@graph\":[{\"@type\":\"WebPage\",\"@id\":\"https:\/\/laurinebocquet.com\/index.php\/qui-suis-je\/\",\"url\":\"https:\/\/laurinebocquet.com\/index.php\/qui-suis-je\/\",\"name\":\"Qui suis-je ?\",\"isPartOf\":{\"@id\":\"https:\/\/laurinebocquet.com\/#website\"},\"primaryImageOfPage\":{\"@id\":\"https:\/\/laurinebocquet.com\/index.php\/qui-suis-je\/#primaryimage\"},\"image\":{\"@id\":\"https:\/\/laurinebocquet.com\/index.php\/qui-suis-je\/#primaryimage\"},\"thumbnailUrl\":\"http:\/\/laurinebocquet.com\/wp-content\/uploads\/2025\/03\/Laurine-Bocquet-therapeute-energeticienne.jpeg\",\"datePublished\":\"2025-03-18T19:53:59+00:00\",\"dateModified\":\"2026-03-17T13:52:07+00:00\",\"description\":\"Qui suis-je ? Cliquez ici pour d\u00e9couvrir comment je suis devenue th\u00e9rapeute \u00e9nerg\u00e9ticienne et ainsi, vous accompagner au mieux sur le chemin de la s\u00e9r\u00e9nit\u00e9.\",\"breadcrumb\":{\"@id\":\"https:\/\/laurinebocquet.com\/index.php\/qui-suis-je\/#breadcrumb\"},\"inLanguage\":\"en-US\",\"potentialAction\":[{\"@type\":\"ReadAction\",\"target\":[\"https:\/\/laurinebocquet.com\/index.php\/qui-suis-je\/\"]}]},{\"@type\":\"ImageObject\",\"inLanguage\":\"en-US\",\"@id\":\"https:\/\/laurinebocquet.com\/index.php\/qui-suis-je\/#primaryimage\",\"url\":\"https:\/\/laurinebocquet.com\/wp-content\/uploads\/2025\/03\/Laurine-Bocquet-therapeute-energeticienne.jpeg\",\"contentUrl\":\"https:\/\/laurinebocquet.com\/wp-content\/uploads\/2025\/03\/Laurine-Bocquet-therapeute-energeticienne.jpeg\",\"width\":200,\"height\":200},{\"@type\":\"BreadcrumbList\",\"@id\":\"https:\/\/laurinebocquet.com\/index.php\/qui-suis-je\/#breadcrumb\",\"itemListElement\":[{\"@type\":\"ListItem\",\"position\":1,\"name\":\"Accueil\",\"item\":\"https:\/\/laurinebocquet.com\/\"},{\"@type\":\"ListItem\",\"position\":2,\"name\":\"Qui suis-je ?\"}]},{\"@type\":\"WebSite\",\"@id\":\"https:\/\/laurinebocquet.com\/#website\",\"url\":\"https:\/\/laurinebocquet.com\/\",\"name\":\"laurinebocquet.com\",\"description\":\"Laurine Bocquet : th\u00e9rapeute \u00e9nerg\u00e9ticienne\",\"publisher\":{\"@id\":\"https:\/\/laurinebocquet.com\/#organization\"},\"potentialAction\":[{\"@type\":\"SearchAction\",\"target\":{\"@type\":\"EntryPoint\",\"urlTemplate\":\"https:\/\/laurinebocquet.com\/?s={search_term_string}\"},\"query-input\":{\"@type\":\"PropertyValueSpecification\",\"valueRequired\":true,\"valueName\":\"search_term_string\"}}],\"inLanguage\":\"en-US\"},{\"@type\":\"Organization\",\"@id\":\"https:\/\/laurinebocquet.com\/#organization\",\"name\":\"laurinebocquet.com\",\"url\":\"https:\/\/laurinebocquet.com\/\",\"logo\":{\"@type\":\"ImageObject\",\"inLanguage\":\"en-US\",\"@id\":\"https:\/\/laurinebocquet.com\/#\/schema\/logo\/image\/\",\"url\":\"https:\/\/laurinebocquet.com\/wp-content\/uploads\/2025\/03\/cropped-cropped-Capture-decran-2022-06-02-a-13.39.23.png\",\"contentUrl\":\"https:\/\/laurinebocquet.com\/wp-content\/uploads\/2025\/03\/cropped-cropped-Capture-decran-2022-06-02-a-13.39.23.png\",\"width\":512,\"height\":512,\"caption\":\"laurinebocquet.com\"},\"image\":{\"@id\":\"https:\/\/laurinebocquet.com\/#\/schema\/logo\/image\/\"}}]}<\/script>\n<!-- \/ Yoast SEO plugin. -->","yoast_head_json":{"title":"Qui suis-je ?","description":"Qui suis-je ? Cliquez ici pour d\u00e9couvrir comment je suis devenue th\u00e9rapeute \u00e9nerg\u00e9ticienne et ainsi, vous accompagner au mieux sur le chemin de la s\u00e9r\u00e9nit\u00e9.","robots":{"index":"index","follow":"follow","max-snippet":"max-snippet:-1","max-image-preview":"max-image-preview:large","max-video-preview":"max-video-preview:-1"},"canonical":"https:\/\/laurinebocquet.com\/index.php\/qui-suis-je\/","og_locale":"en_US","og_type":"article","og_title":"Qui suis-je ?","og_description":"Qui suis-je ? Cliquez ici pour d\u00e9couvrir comment je suis devenue th\u00e9rapeute \u00e9nerg\u00e9ticienne et ainsi, vous accompagner au mieux sur le chemin de la s\u00e9r\u00e9nit\u00e9.","og_url":"https:\/\/laurinebocquet.com\/index.php\/qui-suis-je\/","og_site_name":"www.laurinebocquet.com","article_modified_time":"2026-03-17T13:52:07+00:00","og_image":[{"url":"http:\/\/laurinebocquet.com\/wp-content\/uploads\/2025\/03\/Laurine-Bocquet-therapeute-energeticienne.jpeg","type":"","width":"","height":""}],"twitter_card":"summary_large_image","twitter_misc":{"Est. reading time":"3 minutes"},"schema":{"@context":"https:\/\/schema.org","@graph":[{"@type":"WebPage","@id":"https:\/\/laurinebocquet.com\/index.php\/qui-suis-je\/","url":"https:\/\/laurinebocquet.com\/index.php\/qui-suis-je\/","name":"Qui suis-je ?","isPartOf":{"@id":"https:\/\/laurinebocquet.com\/#website"},"primaryImageOfPage":{"@id":"https:\/\/laurinebocquet.com\/index.php\/qui-suis-je\/#primaryimage"},"image":{"@id":"https:\/\/laurinebocquet.com\/index.php\/qui-suis-je\/#primaryimage"},"thumbnailUrl":"http:\/\/laurinebocquet.com\/wp-content\/uploads\/2025\/03\/Laurine-Bocquet-therapeute-energeticienne.jpeg","datePublished":"2025-03-18T19:53:59+00:00","dateModified":"2026-03-17T13:52:07+00:00","description":"Qui suis-je ? Cliquez ici pour d\u00e9couvrir comment je suis devenue th\u00e9rapeute \u00e9nerg\u00e9ticienne et ainsi, vous accompagner au mieux sur le chemin de la s\u00e9r\u00e9nit\u00e9.","breadcrumb":{"@id":"https:\/\/laurinebocquet.com\/index.php\/qui-suis-je\/#breadcrumb"},"inLanguage":"en-US","potentialAction":[{"@type":"ReadAction","target":["https:\/\/laurinebocquet.com\/index.php\/qui-suis-je\/"]}]},{"@type":"ImageObject","inLanguage":"en-US","@id":"https:\/\/laurinebocquet.com\/index.php\/qui-suis-je\/#primaryimage","url":"https:\/\/laurinebocquet.com\/wp-content\/uploads\/2025\/03\/Laurine-Bocquet-therapeute-energeticienne.jpeg","contentUrl":"https:\/\/laurinebocquet.com\/wp-content\/uploads\/2025\/03\/Laurine-Bocquet-therapeute-energeticienne.jpeg","width":200,"height":200},{"@type":"BreadcrumbList","@id":"https:\/\/laurinebocquet.com\/index.php\/qui-suis-je\/#breadcrumb","itemListElement":[{"@type":"ListItem","position":1,"name":"Accueil","item":"https:\/\/laurinebocquet.com\/"},{"@type":"ListItem","position":2,"name":"Qui suis-je ?"}]},{"@type":"WebSite","@id":"https:\/\/laurinebocquet.com\/#website","url":"https:\/\/laurinebocquet.com\/","name":"laurinebocquet.com","description":"Laurine Bocquet : th\u00e9rapeute \u00e9nerg\u00e9ticienne","publisher":{"@id":"https:\/\/laurinebocquet.com\/#organization"},"potentialAction":[{"@type":"SearchAction","target":{"@type":"EntryPoint","urlTemplate":"https:\/\/laurinebocquet.com\/?s={search_term_string}"},"query-input":{"@type":"PropertyValueSpecification","valueRequired":true,"valueName":"search_term_string"}}],"inLanguage":"en-US"},{"@type":"Organization","@id":"https:\/\/laurinebocquet.com\/#organization","name":"laurinebocquet.com","url":"https:\/\/laurinebocquet.com\/","logo":{"@type":"ImageObject","inLanguage":"en-US","@id":"https:\/\/laurinebocquet.com\/#\/schema\/logo\/image\/","url":"https:\/\/laurinebocquet.com\/wp-content\/uploads\/2025\/03\/cropped-cropped-Capture-decran-2022-06-02-a-13.39.23.png","contentUrl":"https:\/\/laurinebocquet.com\/wp-content\/uploads\/2025\/03\/cropped-cropped-Capture-decran-2022-06-02-a-13.39.23.png","width":512,"height":512,"caption":"laurinebocquet.com"},"image":{"@id":"https:\/\/laurinebocquet.com\/#\/schema\/logo\/image\/"}}]}},"_links":{"self":[{"href":"https:\/\/laurinebocquet.com\/index.php\/wp-json\/wp\/v2\/pages\/73","targetHints":{"allow":["GET"]}}],"collection":[{"href":"https:\/\/laurinebocquet.com\/index.php\/wp-json\/wp\/v2\/pages"}],"about":[{"href":"https:\/\/laurinebocquet.com\/index.php\/wp-json\/wp\/v2\/types\/page"}],"author":[{"embeddable":true,"href":"https:\/\/laurinebocquet.com\/index.php\/wp-json\/wp\/v2\/users\/1"}],"replies":[{"embeddable":true,"href":"https:\/\/laurinebocquet.com\/index.php\/wp-json\/wp\/v2\/comments?post=73"}],"version-history":[{"count":128,"href":"https:\/\/laurinebocquet.com\/index.php\/wp-json\/wp\/v2\/pages\/73\/revisions"}],"predecessor-version":[{"id":1241,"href":"https:\/\/laurinebocquet.com\/index.php\/wp-json\/wp\/v2\/pages\/73\/revisions\/1241"}],"wp:attachment":[{"href":"https:\/\/laurinebocquet.com\/index.php\/wp-json\/wp\/v2\/media?parent=73"}],"curies":[{"name":"wp","href":"https:\/\/api.w.org\/{rel}","templated":true}]}}